{"id":9309,"date":"2023-11-14T02:29:28","date_gmt":"2023-11-14T02:29:28","guid":{"rendered":"https:\/\/pe.verdette.com\/?post_type=product&#038;p=9309"},"modified":"2023-11-14T02:54:00","modified_gmt":"2023-11-14T02:54:00","slug":"coleccion-peru-majestuoso-color-rojo","status":"publish","type":"product","link":"http:\/\/pe.verdette.com\/en\/product\/coleccion-peru-majestuoso-color-rojo\/","title":{"rendered":"COLECCION PERU MAJESTUOSO COLOR ROJO"},"content":{"rendered":"","protected":false},"excerpt":{"rendered":"<p>COLECCION PERU MAJESTUOSO donde la autenticidad y el lujo combinaron con la artesan\u00eda, convirti\u00e9ndose en los pilares de un movimiento vanguardista 100% Peruano .El orgullo por el gran pa\u00eds fue nuestro motor para crear esta colecci\u00f3n donde lo atemporal y lo sofisticado resaltan detalles \u00fanicos, desde intrincados bordados hasta aplicaciones hechas a mano. Piezas que tienden a evocar la maravillosa herencia de nuestro ancestral arte textil.<br \/>\nLa meta es llevar por el mundo una genuina propuesta, destacando el valor agregado con el que Verdette se ha caracterizado.<\/p>\n<p>PRECIO PANTALON: S\/249.00<\/p>\n<p>PRECIO POLO :S\/199.00<\/p>\n<p>&nbsp;<\/p>\n<p>&nbsp;<\/p>","protected":false},"featured_media":9305,"comment_status":"closed","ping_status":"closed","template":"","meta":{"nf_dc_page":"","_monsterinsights_skip_tracking":false,"_monsterinsights_sitenote_active":false,"_monsterinsights_sitenote_note":"","_monsterinsights_sitenote_category":0},"product_brand":[],"product_cat":[64],"product_tag":[],"class_list":{"0":"post-9309","1":"product","2":"type-product","3":"status-publish","4":"has-post-thumbnail","6":"product_cat-mujeres","9":"first","10":"instock","11":"shipping-taxable","12":"purchasable","13":"product-type-simple"},"yoast_head":"<!-- This site is optimized with the Yoast SEO plugin v27.5 - https:\/\/yoast.com\/product\/yoast-seo-wordpress\/ -->\n<title>COLECCION PERU MAJESTUOSO COLOR ROJO - Verdette<\/title>\n<meta name=\"robots\" content=\"index, follow, max-snippet:-1, max-image-preview:large, max-video-preview:-1\" \/>\n<link rel=\"canonical\" href=\"https:\/\/pe.verdette.com\/en\/product\/coleccion-peru-majestuoso-color-rojo\/\" \/>\n<meta property=\"og:locale\" content=\"en_US\" \/>\n<meta property=\"og:type\" content=\"article\" \/>\n<meta property=\"og:title\" content=\"COLECCION PERU MAJESTUOSO COLOR ROJO - Verdette\" \/>\n<meta property=\"og:description\" content=\"COLECCION PERU MAJESTUOSO donde la autenticidad y el lujo combinaron con la artesan\u00eda, convirti\u00e9ndose en los pilares de un movimiento vanguardista 100% Peruano .El orgullo por el gran pa\u00eds fue nuestro motor para crear esta colecci\u00f3n donde lo atemporal y lo sofisticado resaltan detalles \u00fanicos, desde intrincados bordados hasta aplicaciones hechas a mano. Piezas que tienden a evocar la maravillosa herencia de nuestro ancestral arte textil. La meta es llevar por el mundo una genuina propuesta, destacando el valor agregado con el que Verdette se ha caracterizado.  PRECIO PANTALON: S\/249.00  PRECIO POLO :S\/199.00  &nbsp;  &nbsp;\" \/>\n<meta property=\"og:url\" content=\"https:\/\/pe.verdette.com\/en\/product\/coleccion-peru-majestuoso-color-rojo\/\" \/>\n<meta property=\"og:site_name\" content=\"Verdette\" \/>\n<meta property=\"article:modified_time\" content=\"2023-11-14T02:54:00+00:00\" \/>\n<meta property=\"og:image\" content=\"https:\/\/pe.verdette.com\/wp-content\/uploads\/2023\/11\/facebook-1699900973543-7129901452938473855-photoroom-1.jpg\" \/>\n\t<meta property=\"og:image:width\" content=\"800\" \/>\n\t<meta property=\"og:image:height\" content=\"800\" \/>\n\t<meta property=\"og:image:type\" content=\"image\/jpeg\" \/>\n<meta name=\"twitter:card\" content=\"summary_large_image\" \/>\n<script type=\"application\/ld+json\" class=\"yoast-schema-graph\">{\"@context\":\"https:\\\/\\\/schema.org\",\"@graph\":[{\"@type\":\"WebPage\",\"@id\":\"https:\\\/\\\/pe.verdette.com\\\/product\\\/coleccion-peru-majestuoso-color-rojo\\\/\",\"url\":\"https:\\\/\\\/pe.verdette.com\\\/product\\\/coleccion-peru-majestuoso-color-rojo\\\/\",\"name\":\"COLECCION PERU MAJESTUOSO COLOR ROJO - Verdette\",\"isPartOf\":{\"@id\":\"https:\\\/\\\/pe.verdette.com\\\/#website\"},\"primaryImageOfPage\":{\"@id\":\"https:\\\/\\\/pe.verdette.com\\\/product\\\/coleccion-peru-majestuoso-color-rojo\\\/#primaryimage\"},\"image\":{\"@id\":\"https:\\\/\\\/pe.verdette.com\\\/product\\\/coleccion-peru-majestuoso-color-rojo\\\/#primaryimage\"},\"thumbnailUrl\":\"https:\\\/\\\/i0.wp.com\\\/pe.verdette.com\\\/wp-content\\\/uploads\\\/2023\\\/11\\\/facebook-1699900973543-7129901452938473855-photoroom-1.jpg?fit=800%2C800&ssl=1\",\"datePublished\":\"2023-11-14T02:29:28+00:00\",\"dateModified\":\"2023-11-14T02:54:00+00:00\",\"breadcrumb\":{\"@id\":\"https:\\\/\\\/pe.verdette.com\\\/product\\\/coleccion-peru-majestuoso-color-rojo\\\/#breadcrumb\"},\"inLanguage\":\"en-US\",\"potentialAction\":[{\"@type\":\"ReadAction\",\"target\":[\"https:\\\/\\\/pe.verdette.com\\\/product\\\/coleccion-peru-majestuoso-color-rojo\\\/\"]}]},{\"@type\":\"ImageObject\",\"inLanguage\":\"en-US\",\"@id\":\"https:\\\/\\\/pe.verdette.com\\\/product\\\/coleccion-peru-majestuoso-color-rojo\\\/#primaryimage\",\"url\":\"https:\\\/\\\/i0.wp.com\\\/pe.verdette.com\\\/wp-content\\\/uploads\\\/2023\\\/11\\\/facebook-1699900973543-7129901452938473855-photoroom-1.jpg?fit=800%2C800&ssl=1\",\"contentUrl\":\"https:\\\/\\\/i0.wp.com\\\/pe.verdette.com\\\/wp-content\\\/uploads\\\/2023\\\/11\\\/facebook-1699900973543-7129901452938473855-photoroom-1.jpg?fit=800%2C800&ssl=1\",\"width\":800,\"height\":800},{\"@type\":\"BreadcrumbList\",\"@id\":\"https:\\\/\\\/pe.verdette.com\\\/product\\\/coleccion-peru-majestuoso-color-rojo\\\/#breadcrumb\",\"itemListElement\":[{\"@type\":\"ListItem\",\"position\":1,\"name\":\"Home\",\"item\":\"https:\\\/\\\/pe.verdette.com\\\/\"},{\"@type\":\"ListItem\",\"position\":2,\"name\":\"Tienda\",\"item\":\"https:\\\/\\\/pe.verdette.com\\\/tienda\\\/\"},{\"@type\":\"ListItem\",\"position\":3,\"name\":\"COLECCION PERU MAJESTUOSO COLOR ROJO\"}]},{\"@type\":\"WebSite\",\"@id\":\"https:\\\/\\\/pe.verdette.com\\\/#website\",\"url\":\"https:\\\/\\\/pe.verdette.com\\\/\",\"name\":\"Verdette\",\"description\":\"Moda vanguardista del Per\u00fa\",\"potentialAction\":[{\"@type\":\"SearchAction\",\"target\":{\"@type\":\"EntryPoint\",\"urlTemplate\":\"https:\\\/\\\/pe.verdette.com\\\/?s={search_term_string}\"},\"query-input\":{\"@type\":\"PropertyValueSpecification\",\"valueRequired\":true,\"valueName\":\"search_term_string\"}}],\"inLanguage\":\"en-US\"}]}<\/script>\n<!-- \/ Yoast SEO plugin. -->","yoast_head_json":{"title":"COLECCION PERU MAJESTUOSO COLOR ROJO - Verdette","robots":{"index":"index","follow":"follow","max-snippet":"max-snippet:-1","max-image-preview":"max-image-preview:large","max-video-preview":"max-video-preview:-1"},"canonical":"https:\/\/pe.verdette.com\/en\/product\/coleccion-peru-majestuoso-color-rojo\/","og_locale":"en_US","og_type":"article","og_title":"COLECCION PERU MAJESTUOSO COLOR ROJO - Verdette","og_description":"COLECCION PERU MAJESTUOSO donde la autenticidad y el lujo combinaron con la artesan\u00eda, convirti\u00e9ndose en los pilares de un movimiento vanguardista 100% Peruano .El orgullo por el gran pa\u00eds fue nuestro motor para crear esta colecci\u00f3n donde lo atemporal y lo sofisticado resaltan detalles \u00fanicos, desde intrincados bordados hasta aplicaciones hechas a mano. Piezas que tienden a evocar la maravillosa herencia de nuestro ancestral arte textil. La meta es llevar por el mundo una genuina propuesta, destacando el valor agregado con el que Verdette se ha caracterizado.  PRECIO PANTALON: S\/249.00  PRECIO POLO :S\/199.00  &nbsp;  &nbsp;","og_url":"https:\/\/pe.verdette.com\/en\/product\/coleccion-peru-majestuoso-color-rojo\/","og_site_name":"Verdette","article_modified_time":"2023-11-14T02:54:00+00:00","og_image":[{"width":800,"height":800,"url":"https:\/\/pe.verdette.com\/wp-content\/uploads\/2023\/11\/facebook-1699900973543-7129901452938473855-photoroom-1.jpg","type":"image\/jpeg"}],"twitter_card":"summary_large_image","schema":{"@context":"https:\/\/schema.org","@graph":[{"@type":"WebPage","@id":"https:\/\/pe.verdette.com\/product\/coleccion-peru-majestuoso-color-rojo\/","url":"https:\/\/pe.verdette.com\/product\/coleccion-peru-majestuoso-color-rojo\/","name":"COLECCION PERU MAJESTUOSO COLOR ROJO - Verdette","isPartOf":{"@id":"https:\/\/pe.verdette.com\/#website"},"primaryImageOfPage":{"@id":"https:\/\/pe.verdette.com\/product\/coleccion-peru-majestuoso-color-rojo\/#primaryimage"},"image":{"@id":"https:\/\/pe.verdette.com\/product\/coleccion-peru-majestuoso-color-rojo\/#primaryimage"},"thumbnailUrl":"https:\/\/i0.wp.com\/pe.verdette.com\/wp-content\/uploads\/2023\/11\/facebook-1699900973543-7129901452938473855-photoroom-1.jpg?fit=800%2C800&ssl=1","datePublished":"2023-11-14T02:29:28+00:00","dateModified":"2023-11-14T02:54:00+00:00","breadcrumb":{"@id":"https:\/\/pe.verdette.com\/product\/coleccion-peru-majestuoso-color-rojo\/#breadcrumb"},"inLanguage":"en-US","potentialAction":[{"@type":"ReadAction","target":["https:\/\/pe.verdette.com\/product\/coleccion-peru-majestuoso-color-rojo\/"]}]},{"@type":"ImageObject","inLanguage":"en-US","@id":"https:\/\/pe.verdette.com\/product\/coleccion-peru-majestuoso-color-rojo\/#primaryimage","url":"https:\/\/i0.wp.com\/pe.verdette.com\/wp-content\/uploads\/2023\/11\/facebook-1699900973543-7129901452938473855-photoroom-1.jpg?fit=800%2C800&ssl=1","contentUrl":"https:\/\/i0.wp.com\/pe.verdette.com\/wp-content\/uploads\/2023\/11\/facebook-1699900973543-7129901452938473855-photoroom-1.jpg?fit=800%2C800&ssl=1","width":800,"height":800},{"@type":"BreadcrumbList","@id":"https:\/\/pe.verdette.com\/product\/coleccion-peru-majestuoso-color-rojo\/#breadcrumb","itemListElement":[{"@type":"ListItem","position":1,"name":"Home","item":"https:\/\/pe.verdette.com\/"},{"@type":"ListItem","position":2,"name":"Tienda","item":"https:\/\/pe.verdette.com\/tienda\/"},{"@type":"ListItem","position":3,"name":"COLECCION PERU MAJESTUOSO COLOR ROJO"}]},{"@type":"WebSite","@id":"https:\/\/pe.verdette.com\/#website","url":"https:\/\/pe.verdette.com\/","name":"Verdette","description":"Moda vanguardista del Per\u00fa","potentialAction":[{"@type":"SearchAction","target":{"@type":"EntryPoint","urlTemplate":"https:\/\/pe.verdette.com\/?s={search_term_string}"},"query-input":{"@type":"PropertyValueSpecification","valueRequired":true,"valueName":"search_term_string"}}],"inLanguage":"en-US"}]}},"jetpack_sharing_enabled":true,"_links":{"self":[{"href":"http:\/\/pe.verdette.com\/en\/wp-json\/wp\/v2\/product\/9309","targetHints":{"allow":["GET"]}}],"collection":[{"href":"http:\/\/pe.verdette.com\/en\/wp-json\/wp\/v2\/product"}],"about":[{"href":"http:\/\/pe.verdette.com\/en\/wp-json\/wp\/v2\/types\/product"}],"replies":[{"embeddable":true,"href":"http:\/\/pe.verdette.com\/en\/wp-json\/wp\/v2\/comments?post=9309"}],"wp:featuredmedia":[{"embeddable":true,"href":"http:\/\/pe.verdette.com\/en\/wp-json\/wp\/v2\/media\/9305"}],"wp:attachment":[{"href":"http:\/\/pe.verdette.com\/en\/wp-json\/wp\/v2\/media?parent=9309"}],"wp:term":[{"taxonomy":"product_brand","embeddable":true,"href":"http:\/\/pe.verdette.com\/en\/wp-json\/wp\/v2\/product_brand?post=9309"},{"taxonomy":"product_cat","embeddable":true,"href":"http:\/\/pe.verdette.com\/en\/wp-json\/wp\/v2\/product_cat?post=9309"},{"taxonomy":"product_tag","embeddable":true,"href":"http:\/\/pe.verdette.com\/en\/wp-json\/wp\/v2\/product_tag?post=9309"}],"curies":[{"name":"wp","href":"https:\/\/api.w.org\/{rel}","templated":true}]}}