{"id":2713,"date":"2014-05-20T11:25:22","date_gmt":"2014-05-20T11:25:22","guid":{"rendered":"http:\/\/192.168.0.101\/user24\/wordpress\/wordpress-3.9.1-treehouse\/?page_id=2505"},"modified":"2023-06-04T13:11:21","modified_gmt":"2023-06-04T13:11:21","slug":"nosotros","status":"publish","type":"page","link":"https:\/\/pe.verdette.com\/es\/nosotros\/","title":{"rendered":"Nosotros"},"content":{"rendered":"<div class=\"wpb-content-wrapper\"><div class=\"vc_row wpb_row vc_row-fluid vc_custom_1563884382389\"><div class=\"content_inner wpb_column vc_column_container vc_col-sm-12\"><div class=\"vc_column-inner\"><div class=\"wpb_wrapper\"><div class=\"shortcode-title \"><h1 class=\"small-title\" style=\"color:#000000;\">Descubre la vanguardia de la moda peruana<\/h1><\/div><div class=\"static-text-container left\"><div class=\"text\">Bienvenido a nuestro sitio web, donde encontrar\u00e1s la mejor marca de moda vanguardista en Per\u00fa. Nos destacamos por nuestra pasi\u00f3n por la moda y la creaci\u00f3n de dise\u00f1os innovadores que marcan tendencia. Nuestra tienda en l\u00ednea ofrece una amplia selecci\u00f3n de prendas exclusivas y accesorios de alta calidad. Nuestro compromiso con la excelencia nos ha convertido en l\u00edderes de la industria. \u00danete a nosotros y descubre por qu\u00e9 somos la opci\u00f3n preferida para aquellos que buscan estilo y originalidad en cada prenda. Explora nuestra colecci\u00f3n y d\u00e9jate inspirar por la moda vanguardista.<\/div><\/div><div class=\"shortcode-title \"><h1 class=\"small-title\" style=\"color:#000000;\">Misi\u00f3n<\/h1><\/div><div class=\"static-text-container left\"><div class=\"text\">Nuestra misi\u00f3n es posicionarnos como la m\u00e1xima representaci\u00f3n de la moda peruana a nivel global, ofreciendo productos excepcionales que fusionan el patrimonio cultural peruano con la innovaci\u00f3n, calidad y estilo vanguardista. Nos esforzamos por ser reconocidos como la principal marca de moda peruana en el mundo, transmitiendo la belleza, tradici\u00f3n y creatividad de nuestro pa\u00eds a trav\u00e9s de nuestras prendas y dejando un impacto duradero en la industria de la moda internacional.<\/div><\/div><div class=\"shortcode-title \"><h1 class=\"small-title\" style=\"color:#000000;\">Visi\u00f3n<\/h1><\/div><div class=\"static-text-container left\"><div class=\"text\">Nuestra visi\u00f3n es crear un concepto de moda \u00fanico y vanguardista que trascienda fronteras y se convierta en un fen\u00f3meno global, inspirando a personas de todos los rincones del mundo a expresar su estilo y personalidad a trav\u00e9s de nuestras prendas.<\/div><\/div><div class=\"vc_row wpb_row vc_inner vc_row-fluid vc_custom_1563884418973\"><div class=\"wpb_column vc_column_container vc_col-sm-12\"><div class=\"vc_column-inner\"><div class=\"wpb_wrapper\">\n<div class=\"vc_grid-container-wrapper vc_clearfix vc_grid-animation-fadeIn\">\n\t<div class=\"vc_grid-container vc_clearfix wpb_content_element vc_media_grid\" data-initial-loading-animation=\"fadeIn\" data-vc-grid-settings=\"{&quot;page_id&quot;:2713,&quot;style&quot;:&quot;all&quot;,&quot;action&quot;:&quot;vc_get_vc_grid_data&quot;,&quot;shortcode_id&quot;:&quot;1685884187818-2247c11fffb8f461d6c1acfd2ca5d87d-3&quot;,&quot;tag&quot;:&quot;vc_media_grid&quot;}\" data-vc-request=\"https:\/\/pe.verdette.com\/wp-admin\/admin-ajax.php\" data-vc-post-id=\"2713\" data-vc-public-nonce=\"c29af3d13a\">\n\t\t\n\t<\/div>\n<\/div><\/div><\/div><\/div><\/div><\/div><\/div><\/div><\/div><div class=\"vc_row wpb_row vc_row-fluid vc_custom_1563884387099\"><div class=\"wpb_column vc_column_container vc_col-sm-12 vc_hidden-lg vc_hidden-md vc_hidden-sm\"><div class=\"vc_column-inner vc_custom_1685752156785\"><div class=\"wpb_wrapper\"><div class=\"shortcode-title \"><h1 class=\"big-title\" style=\"color:#000000;\">Services<\/h1><\/div><div class=\"vc_row wpb_row vc_inner vc_row-fluid vc_custom_1563182760390\"><div class=\"wpb_column vc_column_container vc_col-sm-4\"><div class=\"vc_column-inner\"><div class=\"wpb_wrapper\"><div class=\"service style-2\"><div class=\"service-content style-2\"><div class=\"icon\"><i class=\"service-icon fa fa-globe no-background\" style=\"color:#333333;\"><\/i><\/div><div class=\"service-desc\"><div class=\"title service-text\">Easy To Use<\/div><div class=\"description other-font\">We&#8217;ve put a lot of thought in giving you the best possible experience to make your job easier.<\/div><\/div><\/div><\/div><\/div><\/div><\/div><div class=\"wpb_column vc_column_container vc_col-sm-4\"><div class=\"vc_column-inner\"><div class=\"wpb_wrapper\"><div class=\"service style-2\"><div class=\"service-content style-2\"><div class=\"icon\"><i class=\"service-icon fa fa-comments no-background\" style=\"color:#333333;\"><\/i><\/div><div class=\"service-desc\"><div class=\"title service-text\">Outstanding Support<\/div><div class=\"description other-font\">Modules comes fully documented with step by step instructions. access premium support forum.<\/div><\/div><\/div><\/div><\/div><\/div><\/div><div class=\"wpb_column vc_column_container vc_col-sm-4\"><div class=\"vc_column-inner\"><div class=\"wpb_wrapper\"><div class=\"service style-2\"><div class=\"service-content style-2\"><div class=\"icon\"><i class=\"service-icon fa fa-heart no-background\" style=\"color:#333333;\"><\/i><\/div><div class=\"service-desc\"><div class=\"title service-text\">Simply Beautiful<\/div><div class=\"description other-font\">Our themes are not just nicely coded, they are built to show your visitors how much you care for beauty and for design.<\/div><\/div><\/div><\/div><\/div><\/div><\/div><\/div><div class=\"vc_row wpb_row vc_inner vc_row-fluid\"><div class=\"wpb_column vc_column_container vc_col-sm-4\"><div class=\"vc_column-inner\"><div class=\"wpb_wrapper\"><div class=\"service style-2\"><div class=\"service-content style-2\"><div class=\"icon\"><i class=\"service-icon fa fa-cube no-background\" style=\"color:#333333;\"><\/i><\/div><div class=\"service-desc\"><div class=\"title service-text\">Careful Crafted<\/div><div class=\"description other-font\">Coded with WordPress best practices in mind, Modules will give you an amazing looking site always..<\/div><\/div><\/div><\/div><\/div><\/div><\/div><div class=\"wpb_column vc_column_container vc_col-sm-4\"><div class=\"vc_column-inner\"><div class=\"wpb_wrapper\"><div class=\"service style-2\"><div class=\"service-content style-2\"><div class=\"icon\"><i class=\"service-icon fa fa-th no-background\" style=\"color:#333333;\"><\/i><\/div><div class=\"service-desc\"><div class=\"title service-text\">20+ Bulilder Module<\/div><div class=\"description other-font\">Create as many modules as you want. Personalize them and build with them your pages.<\/div><\/div><\/div><\/div><\/div><\/div><\/div><div class=\"wpb_column vc_column_container vc_col-sm-4\"><div class=\"vc_column-inner\"><div class=\"wpb_wrapper\"><div class=\"service style-2\"><div class=\"service-content style-2\"><div class=\"icon\"><i class=\"service-icon fa fa-play-circle no-background\" style=\"color:#333333;\"><\/i><\/div><div class=\"service-desc\"><div class=\"title service-text\">WP Video Training<\/div><div class=\"description other-font\">Enjoy a comprehensive collection of WordPress 101 video tutorials on our membership training area.<\/div><\/div><\/div><\/div><\/div><\/div><\/div><\/div><\/div><\/div><\/div><\/div><div class=\"vc_row wpb_row vc_row-fluid vc_custom_1563186841089\"><div class=\"wpb_column vc_column_container vc_col-sm-12 vc_hidden-lg vc_hidden-md vc_hidden-sm\"><div class=\"vc_column-inner\"><div class=\"wpb_wrapper\"><div class=\"shortcode-title \"><h1 class=\"big-title\" style=\"color:#000000;\">Our Team Member<\/h1><\/div><div id=\"team-posts-products\" class=\"team-posts-content staff-page posts-content\"><div id=\"4_team_carousel\" class=\"team-carousel\"><article class=\"item container first\"><div class=\"single-team container-inner\"><div class=\"staff-image\"><img data-recalc-dims=\"1\" decoding=\"async\" src=\"https:\/\/i0.wp.com\/pe.verdette.com\/wp-content\/uploads\/2019\/07\/S1-600x600_t.jpg?w=895&#038;ssl=1\" title=\"Reema cyrus\" alt=\"Reema cyrus\" \/><div class=\"staff-image-hover\"><\/div><\/div><div class=\"staff-content\"><div class=\"team-content-box\"><div class=\"staff-position\"><span>Founder<\/span><\/div><div class=\"staff-name\"><a title=\"Reema cyrus\" href=\"https:\/\/pe.verdette.com\/es\/staff\/reema-cyrus\/\" >Reema cyrus<\/a><\/div><div class=\"staff_content\"><\/div><div class=\"staff-social icon-4\"><a href=\"#\" title=\"Twitter\" class=\"twitter icon\"><i class=\"fa fa-twitter\"><\/i><\/a><a href=\"#\" title=\"Facebook\" class=\"facebook icon\"><i class=\"fa fa-facebook\"><\/i><\/a><a href=\"#\" title=\"Google Plus\" class=\"google-plus icon\"><i class=\"fa fa-google-plus\"><\/i><\/a><a href=\"#\" title=\"Linkedin\" class=\"linkedin icon\"><i class=\"fa fa-linkedin\"><\/i><\/a><\/div><\/div><\/div><\/div><\/article><article class=\"item container\"><div class=\"single-team container-inner\"><div class=\"staff-image\"><img data-recalc-dims=\"1\" decoding=\"async\" src=\"https:\/\/i0.wp.com\/pe.verdette.com\/wp-content\/uploads\/2019\/07\/S2-600x600_t.jpg?w=895&#038;ssl=1\" title=\"Monika Patel\" alt=\"Monika Patel\" \/><div class=\"staff-image-hover\"><\/div><\/div><div class=\"staff-content\"><div class=\"team-content-box\"><div class=\"staff-position\"><span>CEO<\/span><\/div><div class=\"staff-name\"><a title=\"Monika Patel\" href=\"https:\/\/pe.verdette.com\/es\/staff\/monika-patel\/\" >Monika Patel<\/a><\/div><div class=\"staff_content\"><\/div><div class=\"staff-social icon-4\"><a href=\"#\" title=\"Twitter\" class=\"twitter icon\"><i class=\"fa fa-twitter\"><\/i><\/a><a href=\"#\" title=\"Facebook\" class=\"facebook icon\"><i class=\"fa fa-facebook\"><\/i><\/a><a href=\"#\" title=\"Google Plus\" class=\"google-plus icon\"><i class=\"fa fa-google-plus\"><\/i><\/a><a href=\"#\" title=\"Linkedin\" class=\"linkedin icon\"><i class=\"fa fa-linkedin\"><\/i><\/a><\/div><\/div><\/div><\/div><\/article><article class=\"item container\"><div class=\"single-team container-inner\"><div class=\"staff-image\"><img data-recalc-dims=\"1\" decoding=\"async\" src=\"https:\/\/i0.wp.com\/pe.verdette.com\/wp-content\/uploads\/2019\/07\/S3-600x600_t.jpg?w=895&#038;ssl=1\" title=\"Nostrum Ullam\" alt=\"Nostrum Ullam\" \/><div class=\"staff-image-hover\"><\/div><\/div><div class=\"staff-content\"><div class=\"team-content-box\"><div class=\"staff-position\"><span>Designer<\/span><\/div><div class=\"staff-name\"><a title=\"Nostrum Ullam\" href=\"https:\/\/pe.verdette.com\/es\/staff\/nostrum-ullam\/\" >Nostrum Ullam<\/a><\/div><div class=\"staff_content\"><\/div><div class=\"staff-social icon-4\"><a href=\"#\" title=\"Twitter\" class=\"twitter icon\"><i class=\"fa fa-twitter\"><\/i><\/a><a href=\"#\" title=\"Facebook\" class=\"facebook icon\"><i class=\"fa fa-facebook\"><\/i><\/a><a href=\"#\" title=\"Google Plus\" class=\"google-plus icon\"><i class=\"fa fa-google-plus\"><\/i><\/a><a href=\" #\" title=\"Linkedin\" class=\"linkedin icon\"><i class=\"fa fa-linkedin\"><\/i><\/a><\/div><\/div><\/div><\/div><\/article><article class=\"item container last\"><div class=\"single-team container-inner\"><div class=\"staff-image\"><img data-recalc-dims=\"1\" decoding=\"async\" src=\"https:\/\/i0.wp.com\/pe.verdette.com\/wp-content\/uploads\/2019\/07\/S4-600x600_t.jpg?w=895&#038;ssl=1\" title=\"Hendre Ritnisl\" alt=\"Hendre Ritnisl\" \/><div class=\"staff-image-hover\"><\/div><\/div><div class=\"staff-content\"><div class=\"team-content-box\"><div class=\"staff-position\"><span>Developer<\/span><\/div><div class=\"staff-name\"><a title=\"Hendre Ritnisl\" href=\"https:\/\/pe.verdette.com\/es\/staff\/hendre-ritnisl\/\" >Hendre Ritnisl<\/a><\/div><div class=\"staff_content\"><\/div><div class=\"staff-social icon-4\"><a href=\"#\" title=\"Twitter\" class=\"twitter icon\"><i class=\"fa fa-twitter\"><\/i><\/a><a href=\"#\" title=\"Facebook\" class=\"facebook icon\"><i class=\"fa fa-facebook\"><\/i><\/a><a href=\"#\" title=\"Google Plus\" class=\"google-plus icon\"><i class=\"fa fa-google-plus\"><\/i><\/a><a href=\"#\" title=\"Linkedin\" class=\"linkedin icon\"><i class=\"fa fa-linkedin\"><\/i><\/a><\/div><\/div><\/div><\/div><\/article><article class=\"item container first\"><div class=\"single-team container-inner\"><div class=\"staff-image\"><img data-recalc-dims=\"1\" decoding=\"async\" src=\"https:\/\/i0.wp.com\/pe.verdette.com\/wp-content\/uploads\/2019\/07\/S5-600x600_t.jpg?w=895&#038;ssl=1\" title=\"Ritnisl Hendre\" alt=\"Ritnisl Hendre\" \/><div class=\"staff-image-hover\"><\/div><\/div><div class=\"staff-content\"><div class=\"team-content-box\"><div class=\"staff-position\"><span>Designer<\/span><\/div><div class=\"staff-name\"><a title=\"Ritnisl Hendre\" href=\"https:\/\/pe.verdette.com\/es\/staff\/ritnisl-hendre\/\" >Ritnisl Hendre<\/a><\/div><div class=\"staff_content\"><\/div><div class=\"staff-phone\"><span><i class=\"fa fa-phone\"><\/i>+123 456 789<\/span><\/div><div class=\"staff-social icon-5\"><a href=\"mailto:henrry@local.com\" title=\"Email\" class=\"email icon\"><i class=\"fa fa-envelope-o\"><\/i><\/a><a href=\"#\" title=\"Twitter\" class=\"twitter icon\"><i class=\"fa fa-twitter\"><\/i><\/a><a href=\"#\" title=\"Facebook\" class=\"facebook icon\"><i class=\"fa fa-facebook\"><\/i><\/a><a href=\"#\" title=\"Google Plus\" class=\"google-plus icon\"><i class=\"fa fa-google-plus\"><\/i><\/a><a href=\"#\" title=\"Linkedin\" class=\"linkedin icon\"><i class=\"fa fa-linkedin\"><\/i><\/a><\/div><\/div><\/div><\/div><\/article><\/div><\/div><\/div><\/div><\/div><\/div><div class=\"vc_row wpb_row vc_row-fluid parallax-bg vc_custom_1563186835157\"><div class=\"wpb_column vc_column_container vc_col-sm-12 vc_hidden-lg vc_hidden-md vc_hidden-sm\"><div class=\"vc_column-inner\"><div class=\"wpb_wrapper\"><div class=\"custom-testimonial\"><div id=\"1_testimonial_carousel\" class=\"testimonial-carousel\"><div class=\"item last-item\"><div class=\"product-block\"><div class=\"custom-testimonial-inner\"><div class=\"testmonial-image\"><img data-recalc-dims=\"1\" decoding=\"async\" src=\"https:\/\/i0.wp.com\/pe.verdette.com\/wp-content\/uploads\/2019\/07\/t1-156x156_left.png?w=895&#038;ssl=1\" title=\"Glasgow Row\" alt=\"Glasgow Row\" \/><\/div><div class=\"testimonial-wrapper\"><div class=\"testimonial-content\"><div class=\"testimonial-top\"><blockquote><q>Lorem ipsum dolor sit amet, consectetur adipiscing elit, sed do eiusmod tempor incididunt ut labore et dolore magna aliqua. Ut enim ad minim veniam, quis nostrud exercitation ullamco laboris nisi ut a<\/q><\/blockquote><\/div><\/div><div class=\"testmonial-text\"><div class=\"testimonial-title\">Glasgow Row<\/div><div class=\"testimonial-designation\"><a title=\"  UK user only\" href=\"  https:\/\/www.google.co.in\/\" >  UK user only<\/a><\/div><\/div><\/div><\/div><\/div><\/div><div class=\"item last-item\"><div class=\"product-block\"><div class=\"custom-testimonial-inner\"><div class=\"testmonial-image\"><img data-recalc-dims=\"1\" decoding=\"async\" src=\"https:\/\/i0.wp.com\/pe.verdette.com\/wp-content\/uploads\/2019\/07\/t3-156x156_left.png?w=895&#038;ssl=1\" title=\"Augustine\" alt=\"Augustine\" \/><\/div><div class=\"testimonial-wrapper\"><div class=\"testimonial-content\"><div class=\"testimonial-top\"><blockquote><q>Lorem ipsum dolor sit amet, consectetur adipiscing elit, sed do eiusmod tempor incididunt ut labore et dolore magna aliqua. Ut enim ad minim veniam, quis nostrud exercitation ullamco laboris nisi ut a<\/q><\/blockquote><\/div><\/div><div class=\"testmonial-text\"><div class=\"testimonial-title\">Augustine<\/div><div class=\"testimonial-designation\"><a title=\"      Finance Manager\" href=\"         \" >      Finance Manager<\/a><\/div><\/div><\/div><\/div><\/div><\/div><div class=\"item last-item\"><div class=\"product-block\"><div class=\"custom-testimonial-inner\"><div class=\"testmonial-image\"><img data-recalc-dims=\"1\" decoding=\"async\" src=\"https:\/\/i0.wp.com\/pe.verdette.com\/wp-content\/uploads\/2019\/07\/t4-156x156_left.png?w=895&#038;ssl=1\" title=\"Stephnie MacMohan\" alt=\"Stephnie MacMohan\" \/><\/div><div class=\"testimonial-wrapper\"><div class=\"testimonial-content\"><div class=\"testimonial-top\"><blockquote><q>Lorem ipsum dolor sit amet, consectetur adipiscing elit, sed do eiusmod tempor incididunt ut labore et dolore magna aliqua. Ut enim ad minim veniam, quis nostrud exercitation ullamco laboris nisi ut a<\/q><\/blockquote><\/div><\/div><div class=\"testmonial-text\"><div class=\"testimonial-title\">Stephnie MacMohan<\/div><div class=\"testimonial-designation\"><a title=\"     Iphone Developer\" href=\"     #\" >     Iphone Developer<\/a><\/div><\/div><\/div><\/div><\/div><\/div><\/div><\/div><\/div><\/div><\/div><\/div>\n<\/div>","protected":false},"excerpt":{"rendered":"&hellip; <a class=\"read-more-link\" href=\"https:\/\/pe.verdette.com\/es\/testimonial\/stephnie-macmohan\/\">Read More<\/a>","protected":false},"author":1,"featured_media":0,"parent":0,"menu_order":0,"comment_status":"closed","ping_status":"closed","template":"","meta":{"nf_dc_page":"","_monsterinsights_skip_tracking":false,"_monsterinsights_sitenote_active":false,"_monsterinsights_sitenote_note":"","_monsterinsights_sitenote_category":0,"footnotes":""},"class_list":["post-2713","page","type-page","status-publish","hentry","has-post-thumbnail"],"yoast_head":"<!-- This site is optimized with the Yoast SEO plugin v27.5 - https:\/\/yoast.com\/product\/yoast-seo-wordpress\/ -->\n<title>Nosotros - Verdette<\/title>\n<meta name=\"robots\" content=\"index, follow, max-snippet:-1, max-image-preview:large, max-video-preview:-1\" \/>\n<link rel=\"canonical\" href=\"https:\/\/pe.verdette.com\/es\/nosotros\/\" \/>\n<meta property=\"og:locale\" content=\"es_ES\" \/>\n<meta property=\"og:type\" content=\"article\" \/>\n<meta property=\"og:title\" content=\"Nosotros - Verdette\" \/>\n<meta property=\"og:url\" content=\"https:\/\/pe.verdette.com\/es\/nosotros\/\" \/>\n<meta property=\"og:site_name\" content=\"Verdette\" \/>\n<meta property=\"article:modified_time\" content=\"2023-06-04T13:11:21+00:00\" \/>\n<meta name=\"twitter:card\" content=\"summary_large_image\" \/>\n<meta name=\"twitter:label1\" content=\"Est. reading time\" \/>\n\t<meta name=\"twitter:data1\" content=\"3 minutos\" \/>\n<script type=\"application\/ld+json\" class=\"yoast-schema-graph\">{\"@context\":\"https:\\\/\\\/schema.org\",\"@graph\":[{\"@type\":\"WebPage\",\"@id\":\"https:\\\/\\\/pe.verdette.com\\\/nosotros\\\/\",\"url\":\"https:\\\/\\\/pe.verdette.com\\\/nosotros\\\/\",\"name\":\"Nosotros - Verdette\",\"isPartOf\":{\"@id\":\"https:\\\/\\\/pe.verdette.com\\\/#website\"},\"datePublished\":\"2014-05-20T11:25:22+00:00\",\"dateModified\":\"2023-06-04T13:11:21+00:00\",\"breadcrumb\":{\"@id\":\"https:\\\/\\\/pe.verdette.com\\\/nosotros\\\/#breadcrumb\"},\"inLanguage\":\"es-PE\",\"potentialAction\":[{\"@type\":\"ReadAction\",\"target\":[\"https:\\\/\\\/pe.verdette.com\\\/nosotros\\\/\"]}]},{\"@type\":\"BreadcrumbList\",\"@id\":\"https:\\\/\\\/pe.verdette.com\\\/nosotros\\\/#breadcrumb\",\"itemListElement\":[{\"@type\":\"ListItem\",\"position\":1,\"name\":\"Home\",\"item\":\"https:\\\/\\\/pe.verdette.com\\\/\"},{\"@type\":\"ListItem\",\"position\":2,\"name\":\"Nosotros\"}]},{\"@type\":\"WebSite\",\"@id\":\"https:\\\/\\\/pe.verdette.com\\\/#website\",\"url\":\"https:\\\/\\\/pe.verdette.com\\\/\",\"name\":\"Verdette\",\"description\":\"Moda vanguardista del Per\u00fa\",\"potentialAction\":[{\"@type\":\"SearchAction\",\"target\":{\"@type\":\"EntryPoint\",\"urlTemplate\":\"https:\\\/\\\/pe.verdette.com\\\/?s={search_term_string}\"},\"query-input\":{\"@type\":\"PropertyValueSpecification\",\"valueRequired\":true,\"valueName\":\"search_term_string\"}}],\"inLanguage\":\"es-PE\"}]}<\/script>\n<!-- \/ Yoast SEO plugin. -->","yoast_head_json":{"title":"Nosotros - Verdette","robots":{"index":"index","follow":"follow","max-snippet":"max-snippet:-1","max-image-preview":"max-image-preview:large","max-video-preview":"max-video-preview:-1"},"canonical":"https:\/\/pe.verdette.com\/es\/nosotros\/","og_locale":"es_ES","og_type":"article","og_title":"Nosotros - Verdette","og_url":"https:\/\/pe.verdette.com\/es\/nosotros\/","og_site_name":"Verdette","article_modified_time":"2023-06-04T13:11:21+00:00","twitter_card":"summary_large_image","twitter_misc":{"Est. reading time":"3 minutos"},"schema":{"@context":"https:\/\/schema.org","@graph":[{"@type":"WebPage","@id":"https:\/\/pe.verdette.com\/nosotros\/","url":"https:\/\/pe.verdette.com\/nosotros\/","name":"Nosotros - Verdette","isPartOf":{"@id":"https:\/\/pe.verdette.com\/#website"},"datePublished":"2014-05-20T11:25:22+00:00","dateModified":"2023-06-04T13:11:21+00:00","breadcrumb":{"@id":"https:\/\/pe.verdette.com\/nosotros\/#breadcrumb"},"inLanguage":"es-PE","potentialAction":[{"@type":"ReadAction","target":["https:\/\/pe.verdette.com\/nosotros\/"]}]},{"@type":"BreadcrumbList","@id":"https:\/\/pe.verdette.com\/nosotros\/#breadcrumb","itemListElement":[{"@type":"ListItem","position":1,"name":"Home","item":"https:\/\/pe.verdette.com\/"},{"@type":"ListItem","position":2,"name":"Nosotros"}]},{"@type":"WebSite","@id":"https:\/\/pe.verdette.com\/#website","url":"https:\/\/pe.verdette.com\/","name":"Verdette","description":"Moda vanguardista del Per\u00fa","potentialAction":[{"@type":"SearchAction","target":{"@type":"EntryPoint","urlTemplate":"https:\/\/pe.verdette.com\/?s={search_term_string}"},"query-input":{"@type":"PropertyValueSpecification","valueRequired":true,"valueName":"search_term_string"}}],"inLanguage":"es-PE"}]}},"jetpack_sharing_enabled":true,"_links":{"self":[{"href":"https:\/\/pe.verdette.com\/es\/wp-json\/wp\/v2\/pages\/2713","targetHints":{"allow":["GET"]}}],"collection":[{"href":"https:\/\/pe.verdette.com\/es\/wp-json\/wp\/v2\/pages"}],"about":[{"href":"https:\/\/pe.verdette.com\/es\/wp-json\/wp\/v2\/types\/page"}],"author":[{"embeddable":true,"href":"https:\/\/pe.verdette.com\/es\/wp-json\/wp\/v2\/users\/1"}],"replies":[{"embeddable":true,"href":"https:\/\/pe.verdette.com\/es\/wp-json\/wp\/v2\/comments?post=2713"}],"version-history":[{"count":6,"href":"https:\/\/pe.verdette.com\/es\/wp-json\/wp\/v2\/pages\/2713\/revisions"}],"predecessor-version":[{"id":8947,"href":"https:\/\/pe.verdette.com\/es\/wp-json\/wp\/v2\/pages\/2713\/revisions\/8947"}],"wp:attachment":[{"href":"https:\/\/pe.verdette.com\/es\/wp-json\/wp\/v2\/media?parent=2713"}],"curies":[{"name":"wp","href":"https:\/\/api.w.org\/{rel}","templated":true}]}}